{"id":770,"date":"2023-01-11T18:34:51","date_gmt":"2023-01-11T23:34:51","guid":{"rendered":"https:\/\/unicomtranslationservices.com\/?page_id=770"},"modified":"2023-01-28T11:14:59","modified_gmt":"2023-01-28T16:14:59","slug":"accueil","status":"publish","type":"page","link":"https:\/\/unicomtranslationservices.com\/home\/fr\/accueil\/","title":{"rendered":"Accueil"},"content":{"rendered":"\n<p><a href=\"https:\/\/unicomtranslationservices.com\/wp-admin\/post.php?post=770&amp;action=edit#\"><\/a><\/p>\n\n\n<div id=\"themify_builder_content-770\" data-postid=\"770\" class=\"themify_builder_content themify_builder_content-770 themify_builder\">\n    \t<!-- module_row -->\n\t<div   class=\"themify_builder_row module_row clearfix vertical-divider fullcover module_row_0 themify_builder_770_row module_row_770-0 tb_yenb220\">\n\t    \t    <div class=\"row_inner col_align_top\" >\n\t\t\t<div  class=\"module_column tb-column col-full first tb_770_column module_column_0 module_column_770-0-0 tb_ikh9224 repeat\" >\n\t    \t    \t        <div class=\"tb-column-inner\">\n\t\t            <!-- module fancy heading -->\n    <div  class=\"module module-fancy-heading tb_huov225  \">\n\t        <h2 class=\"fancy-heading tb-align-center\">\n        <span  class=\"main-head\">\n            SERVICES DE TRADUCTION - DEPUIS 1999        <\/span>\n        <span class=\"sub-head tb_hide_divider\">\n            Fran\u00e7ais - English   \/   English - Fran\u00e7ais        <\/span>\n\n        <\/h2>\n    <\/div>\n    <!-- \/module fancy heading -->\n    <!-- module buttons -->\n    <div  class=\"module module-buttons tb_iq98624 normal solid rounded  \">\n\t        \t<div class=\"module-buttons\">\n                            <div class=\"module-buttons-item  buttons-horizontal\">\n\t\t    \t\t\t<a href=\"mailto:unicomtranslationservices@gmail.com\" class=\"ui builder_button blue\" target=\"_blank\" rel=\"noopener\">\n\t\t    \t\t    \t\t\t<span>Demander un devis<\/span>\n\t\t    \t\t    \t\t\t<\/a>\n\t\t                    <\/div>\n                    <\/div>\n    <\/div>\n    <!-- \/module buttons -->\n\t        <\/div>\n\t    \t<\/div>\n\t\t    <\/div>\n\t    <!-- \/row_inner -->\n\t<\/div>\n\t<!-- \/module_row -->\n\t\t<!-- module_row -->\n\t<div  class=\"themify_builder_row module_row clearfix module_row_1 themify_builder_770_row module_row_770-1 tb_wv2g382\">\n\t    \t    <div class=\"row_inner col_align_top\" >\n\t\t\t<div  class=\"module_column tb-column col-full first tb_770_column module_column_0 module_column_770-1-0 tb_qfp1384\">\n\t    \t    \t        <div class=\"tb-column-inner\">\n\t\t        <!-- module image -->\n    <div  class=\"module module-image tb_a1t6702 drop-shadow image-center  \">\n\t                <div class=\"image-wrap\">\n                            <img data-recalc-dims=\"1\" fetchpriority=\"high\" fetchpriority=\"high\" fetchpriority=\"high\" decoding=\"async\" src=\"https:\/\/i0.wp.com\/unicomtranslationservices.com\/wp-content\/uploads\/2023\/01\/Michele-pic-for-FR-website-1024x1024.png?resize=500%2C500&#038;ssl=1\" width=\"500\" height=\"500\" class=\" wp-post-image wp-image-766\" alt=\"Michele pic for FR website\" srcset=\"https:\/\/i0.wp.com\/unicomtranslationservices.com\/wp-content\/uploads\/2023\/01\/Michele-pic-for-FR-website.png?resize=500%2C500&amp;ssl=1 500w, https:\/\/i0.wp.com\/unicomtranslationservices.com\/wp-content\/uploads\/2023\/01\/Michele-pic-for-FR-website.png?resize=300%2C300&amp;ssl=1 300w, https:\/\/i0.wp.com\/unicomtranslationservices.com\/wp-content\/uploads\/2023\/01\/Michele-pic-for-FR-website.png?resize=1024%2C1024&amp;ssl=1 1024w, https:\/\/i0.wp.com\/unicomtranslationservices.com\/wp-content\/uploads\/2023\/01\/Michele-pic-for-FR-website.png?resize=150%2C150&amp;ssl=1 150w, https:\/\/i0.wp.com\/unicomtranslationservices.com\/wp-content\/uploads\/2023\/01\/Michele-pic-for-FR-website.png?resize=768%2C768&amp;ssl=1 768w, https:\/\/i0.wp.com\/unicomtranslationservices.com\/wp-content\/uploads\/2023\/01\/Michele-pic-for-FR-website.png?w=1080&amp;ssl=1 1080w\" sizes=\"(max-width: 500px) 100vw, 500px\" \/>            \n                        <\/div>\n            <!-- \/image-wrap -->\n        \n        \n        <\/div>\n    <!-- \/module image -->\n\t        <\/div>\n\t    \t<\/div>\n\t\t    <\/div>\n\t    <!-- \/row_inner -->\n\t<\/div>\n\t<!-- \/module_row -->\n\t\t<!-- module_row -->\n\t<div  class=\"themify_builder_row module_row clearfix module_row_2 themify_builder_770_row module_row_770-2 tb_5xag571\">\n\t    \t    <div class=\"row_inner col_align_top\" >\n\t\t\t<div  class=\"module_column tb-column col-full first tb_770_column module_column_0 module_column_770-2-0 tb_stom571\">\n\t    \t    \t        <div class=\"tb-column-inner\">\n\t\t            <!-- module fancy heading -->\n    <div  class=\"module module-fancy-heading tb_c841237  \">\n\t        <h2 class=\"fancy-heading tb-align-center\">\n        <span  class=\"main-head\">\n            Mich\u00e8le Louette-Leduc, Pr\u00e9sidente        <\/span>\n        <span class=\"sub-head tb_hide_divider\">\n                    <\/span>\n\n        <\/h2>\n    <\/div>\n    <!-- \/module fancy heading -->\n\t<div  class=\"themify_builder_sub_row module_subrow clearfix sub_row_2-0-1 tb_zrxu449\">\n\t    \t    <div class=\"subrow_inner col_align_top\" >\n\t\t\t<div  class=\"sub_column module_column col-full first sub_column_post_770 sub_column_2-0-1-0 tb_q05d450\"> \n\t    \t    \t        <div class=\"tb-column-inner\">\n\t\t    <!-- module text -->\n<div  class=\"module module-text tb_goh3962  repeat  \">\n            <div  class=\"tb_text_wrap\">\n    <h5 style=\"text-align: center;\"><em>Nous sommes pr\u00eats \u00e0 vous assister dans vos projets.<\/em><\/h5>\n<h5 style=\"text-align: center;\"><em>Communiquez avec nous!<\/em><\/h5>    <\/div>\n<\/div>\n<!-- \/module text -->\n    <!-- module buttons -->\n    <div  class=\"module module-buttons tb_by4a31 xlarge solid rounded   tb-align-center\">\n\t        \t<div class=\"module-buttons\">\n                            <div class=\"module-buttons-item  buttons-horizontal\">\n\t\t    \t\t\t<a href=\"mailto:unicomtranslationservices@gmail.com\" class=\"ui builder_button blue\" target=\"_blank\" rel=\"noopener\">\n\t\t    \t\t    \t\t\t<span>Nous joindre<\/span>\n\t\t    \t\t    \t\t\t<\/a>\n\t\t                    <\/div>\n                    <\/div>\n    <\/div>\n    <!-- \/module buttons -->\n\t        <\/div>\n\t    \t<\/div>\n\t\t    <\/div>\n\t<\/div><!-- \/themify_builder_sub_row -->\n\t\t        <\/div>\n\t    \t<\/div>\n\t\t    <\/div>\n\t    <!-- \/row_inner -->\n\t<\/div>\n\t<!-- \/module_row -->\n\t\t<!-- module_row -->\n\t<div   class=\"themify_builder_row module_row clearfix repeat module_row_3 themify_builder_770_row module_row_770-3 tb_e8kl220\">\n\t    \t    <div class=\"row_inner col_align_top\" >\n\t\t\t<div  class=\"module_column tb-column col-full first tb_770_column module_column_0 module_column_770-3-0 tb_dydm227\" >\n\t    \t    \t        <div class=\"tb-column-inner\">\n\t\t            <!-- module fancy heading -->\n    <div  class=\"module module-fancy-heading tb_yh32228  \">\n\t        <h2 class=\"fancy-heading tb-align-center\">\n        <span  class=\"main-head\">\n            Services de Traduction        <\/span>\n        <span class=\"sub-head tb_hide_divider\">\n                    <\/span>\n\n        <\/h2>\n    <\/div>\n    <!-- \/module fancy heading -->\n\t<div  class=\"themify_builder_sub_row module_subrow clearfix repeat sub_row_3-0-1 tb_n492359\" >\n\t    \t    <div class=\"subrow_inner col_align_top\" >\n\t\t\t<div  class=\"sub_column module_column col4-1 first sub_column_post_770 sub_column_3-0-1-0 tb_ox09360\"> \n\t    \t    \t        <div class=\"tb-column-inner\">\n\t\t    <!-- module plain text -->\n<div  class=\"module module-plain-text tb_w28x227  \">\n        <div class=\"tb_text_wrap\" >\n\tManuels d\u2019utilisateur\n    <\/div>\n<\/div>\n<!-- \/module plain text --><!-- module plain text -->\n<div  class=\"module module-plain-text tb_1a90705  \">\n        <div class=\"tb_text_wrap\" >\n\tBrochures\n\n    <\/div>\n<\/div>\n<!-- \/module plain text --><!-- module plain text -->\n<div  class=\"module module-plain-text tb_tnr6136  \">\n        <div class=\"tb_text_wrap\" >\n\tInfolettres\n    <\/div>\n<\/div>\n<!-- \/module plain text -->\t        <\/div>\n\t    \t<\/div>\n\t\t<div  class=\"sub_column module_column col4-1 second sub_column_post_770 sub_column_3-0-1-1 tb_gq2p360\"> \n\t    \t    \t        <div class=\"tb-column-inner\">\n\t\t    <!-- module plain text -->\n<div  class=\"module module-plain-text tb_zpo819  \">\n        <div class=\"tb_text_wrap\" >\n\tManuels de l\u2019employ\u00e9\n    <\/div>\n<\/div>\n<!-- \/module plain text --><!-- module plain text -->\n<div  class=\"module module-plain-text tb_tbvq136  \">\n        <div class=\"tb_text_wrap\" >\n\tDossiers m\u00e9dicaux    <\/div>\n<\/div>\n<!-- \/module plain text --><!-- module plain text -->\n<div  class=\"module module-plain-text tb_6zd7211  \">\n        <div class=\"tb_text_wrap\" >\n\tCatalogues\n    <\/div>\n<\/div>\n<!-- \/module plain text -->\t        <\/div>\n\t    \t<\/div>\n\t\t<div  class=\"sub_column module_column col4-1 third sub_column_post_770 sub_column_3-0-1-2 tb_v0np360\"> \n\t    \t    \t        <div class=\"tb-column-inner\">\n\t\t    <!-- module plain text -->\n<div  class=\"module module-plain-text tb_x430911  \">\n        <div class=\"tb_text_wrap\" >\n\tManuels d\u2019installation     <\/div>\n<\/div>\n<!-- \/module plain text --><!-- module plain text -->\n<div  class=\"module module-plain-text tb_chz8137  \">\n        <div class=\"tb_text_wrap\" >\n\t\u00c9tats financiers\n    <\/div>\n<\/div>\n<!-- \/module plain text -->\t        <\/div>\n\t    \t<\/div>\n\t\t<div  class=\"sub_column module_column col4-1 last sub_column_post_770 sub_column_3-0-1-3 tb_eh1b361\"> \n\t    \t    \t        <div class=\"tb-column-inner\">\n\t\t    <!-- module plain text -->\n<div  class=\"module module-plain-text tb_u5tv30  \">\n        <div class=\"tb_text_wrap\" >\n\tDocuments techniques\n    <\/div>\n<\/div>\n<!-- \/module plain text --><!-- module plain text -->\n<div  class=\"module module-plain-text tb_o2k3137  \">\n        <div class=\"tb_text_wrap\" >\n\tLivres de recettes    <\/div>\n<\/div>\n<!-- \/module plain text -->\t        <\/div>\n\t    \t<\/div>\n\t\t    <\/div>\n\t<\/div><!-- \/themify_builder_sub_row -->\n\t\t        <\/div>\n\t    \t<\/div>\n\t\t    <\/div>\n\t    <!-- \/row_inner -->\n\t<\/div>\n\t<!-- \/module_row -->\n\t\t<!-- module_row -->\n\t<div  class=\"themify_builder_row module_row clearfix module_row_4 themify_builder_770_row module_row_770-4 tb_etyh315\">\n\t    \t    <div class=\"row_inner col_align_top\" >\n\t\t\t<div  class=\"module_column tb-column col-full first tb_770_column module_column_0 module_column_770-4-0 tb_7ful316\">\n\t    \t    \t        <div class=\"tb-column-inner\">\n\t\t            <!-- module fancy heading -->\n    <div  class=\"module module-fancy-heading tb_gjn438  \">\n\t        <h2 class=\"fancy-heading tb-align-center\">\n        <span  class=\"main-head\">\n            Pourquoi choisir les services de traduction d'UNICOM?        <\/span>\n        <span class=\"sub-head tb_hide_divider\">\n                    <\/span>\n\n        <\/h2>\n    <\/div>\n    <!-- \/module fancy heading -->\n<!-- module plain text -->\n<div  class=\"module module-plain-text tb_vg1p492  \">\n        <div class=\"tb_text_wrap\" >\n\tNous traitons une vaste gamme de documents techniques. \n\nNos professionnels certifi\u00e9s poss\u00e8dent une vaste exp\u00e9rience dans les domaines suivants: m\u00e9dical, technique, alimentaire, financier, marketing et autres.\n\n\n    <\/div>\n<\/div>\n<!-- \/module plain text -->\t        <\/div>\n\t    \t<\/div>\n\t\t    <\/div>\n\t    <!-- \/row_inner -->\n\t<\/div>\n\t<!-- \/module_row -->\n\t\t<!-- module_row -->\n\t<div  class=\"themify_builder_row module_row clearfix module_row_5 themify_builder_770_row module_row_770-5 tb_d5wf681\">\n\t    \t    <div class=\"row_inner col_align_top\" >\n\t\t\t<div  class=\"module_column tb-column col-full first tb_770_column module_column_0 module_column_770-5-0 tb_nwgq683\">\n\t    \t    \t        <div class=\"tb-column-inner\">\n\t\t            <!-- module fancy heading -->\n    <div  class=\"module module-fancy-heading tb_vr2282  \">\n\t        <h3 class=\"fancy-heading tb-align-center\">\n        <span  class=\"main-head\">\n            Service Rapide        <\/span>\n        <span class=\"sub-head tb_hide_divider\">\n                    <\/span>\n\n        <\/h3>\n    <\/div>\n    <!-- \/module fancy heading -->\n<!-- module plain text -->\n<div  class=\"module module-plain-text tb_yhzr872  \">\n        <div class=\"tb_text_wrap\" >\n\tRapide et efficace, UNICOM est un service de traduction r\u00e9put\u00e9.\n\nNous assurons des d\u00e9lais d\u2019ex\u00e9cution rapide afin de vous permettre de respecter vos \u00e9ch\u00e9anciers.\n\n\n\n    <\/div>\n<\/div>\n<!-- \/module plain text -->\t        <\/div>\n\t    \t<\/div>\n\t\t    <\/div>\n\t    <!-- \/row_inner -->\n\t<\/div>\n\t<!-- \/module_row -->\n\t\t<!-- module_row -->\n\t<div  class=\"themify_builder_row module_row clearfix module_row_6 themify_builder_770_row module_row_770-6 tb_x5yp612\">\n\t    \t    <div class=\"row_inner col_align_top\" >\n\t\t\t<div  class=\"module_column tb-column col-full first tb_770_column module_column_0 module_column_770-6-0 tb_nckl612\">\n\t    \t    \t        <div class=\"tb-column-inner\">\n\t\t            <!-- module fancy heading -->\n    <div  class=\"module module-fancy-heading tb_wpyx375  \">\n\t        <h3 class=\"fancy-heading tb-align-center\">\n        <span  class=\"main-head\">\n            Opportunit\u00e9s        <\/span>\n        <span class=\"sub-head tb_hide_divider\">\n                    <\/span>\n\n        <\/h3>\n    <\/div>\n    <!-- \/module fancy heading -->\n<!-- module plain text -->\n<div  class=\"module module-plain-text tb_rp7j911  \">\n        <div class=\"tb_text_wrap\" >\n\tNous sommes toujours \u00e0 la recherche de traducteurs talentueux. \n\nNous faire parvenir votre CV.\n\n\n    <\/div>\n<\/div>\n<!-- \/module plain text -->\t        <\/div>\n\t    \t<\/div>\n\t\t    <\/div>\n\t    <!-- \/row_inner -->\n\t<\/div>\n\t<!-- \/module_row -->\n\t\t<!-- module_row -->\n\t<div   class=\"themify_builder_row module_row clearfix repeat module_row_7 themify_builder_770_row module_row_770-7 tb_6sjj352\">\n\t    \t    <div class=\"row_inner col_align_top\" >\n\t\t\t<div  class=\"module_column tb-column col3-1 first tb_770_column module_column_0 module_column_770-7-0 tb_kcug353\">\n\t    \t    \t        <div class=\"tb-column-inner\">\n\t\t        <!-- module buttons -->\n    <div  class=\"module module-buttons tb_2nai954 normal solid rounded  \">\n\t        \t<div class=\"module-buttons\">\n                            <div class=\"module-buttons-item  buttons-horizontal\">\n\t\t    \t\t\t<a href=\"mailto:unicomtranslationservices.com\" class=\"ui builder_button blue\" target=\"_blank\" rel=\"noopener\">\n\t\t    \t\t    \t\t\t<span>Vous avez une question?<\/span>\n\t\t    \t\t    \t\t\t<\/a>\n\t\t                    <\/div>\n                    <\/div>\n    <\/div>\n    <!-- \/module buttons -->\n\t        <\/div>\n\t    \t<\/div>\n\t\t<div  class=\"module_column tb-column col3-1 middle tb_770_column module_column_1 module_column_770-7-1 tb_3gpf354\">\n\t    \t    \t        <div class=\"tb-column-inner\">\n\t\t        <!-- module buttons -->\n    <div  class=\"module module-buttons tb_or67918 normal solid rounded  \">\n\t        \t<div class=\"module-buttons\">\n                            <div class=\"module-buttons-item  buttons-horizontal\">\n\t\t    \t\t\t<a href=\"mailto:unicomtranslationservices.com\" class=\"ui builder_button blue\" >\n\t\t    \t\t    \t\t\t<span>Demander un devis<\/span>\n\t\t    \t\t    \t\t\t<\/a>\n\t\t                    <\/div>\n                    <\/div>\n    <\/div>\n    <!-- \/module buttons -->\n\t        <\/div>\n\t    \t<\/div>\n\t\t<div  class=\"module_column tb-column col3-1 last tb_770_column module_column_2 module_column_770-7-2 tb_yx8s146\">\n\t    \t    \t        <div class=\"tb-column-inner\">\n\t\t        <!-- module buttons -->\n    <div  class=\"module module-buttons tb_z2gc491 normal solid rounded  \">\n\t        \t<div class=\"module-buttons\">\n                            <div class=\"module-buttons-item  buttons-horizontal\">\n\t\t    \t\t\t<a href=\"mailto:unicomtranslationservices.com\" class=\"ui builder_button blue\" target=\"_blank\" rel=\"noopener\">\n\t\t    \t\t    \t\t\t<span>Envoyer votre CV<\/span>\n\t\t    \t\t    \t\t\t<\/a>\n\t\t                    <\/div>\n                    <\/div>\n    <\/div>\n    <!-- \/module buttons -->\n\t        <\/div>\n\t    \t<\/div>\n\t\t    <\/div>\n\t    <!-- \/row_inner -->\n\t<\/div>\n\t<!-- \/module_row -->\n\t<\/div>\n\n\n\n<p><a href=\"https:\/\/unicomtranslationservices.com\/wp-admin\/post.php?post=56&amp;action=edit#\"><\/a><\/p>\n","protected":false},"excerpt":{"rendered":"<p>SERVICES DE TRADUCTION &#8211; DEPUIS 1999Fran\u00e7ais &#8211; English \/ English &#8211; Fran\u00e7ais Demander un devis Mich\u00e8le Louette-Leduc, Pr\u00e9sidente Nous sommes pr\u00eats \u00e0 vous assister dans vos projets. Communiquez avec nous! Nous joindre Services de Traduction Manuels d\u2019utilisateur Brochures Infolettres Manuels de l\u2019employ\u00e9 Dossiers m\u00e9dicaux Catalogues Manuels d\u2019installation \u00c9tats financiers Documents techniques Livres de recettes Pourquoi [&hellip;]<\/p>\n","protected":false},"author":1,"featured_media":0,"parent":0,"menu_order":0,"comment_status":"closed","ping_status":"closed","template":"","meta":{"nf_dc_page":"","om_disable_all_campaigns":false,"_monsterinsights_skip_tracking":false,"_monsterinsights_sitenote_active":false,"_monsterinsights_sitenote_note":"","_monsterinsights_sitenote_category":0,"footnotes":""},"class_list":["post-770","page","type-page","status-publish","hentry","has-post-title","has-post-date","has-post-category","has-post-tag","has-post-comment","has-post-author",""],"jetpack_sharing_enabled":true,"builder_content":"<h2>SERVICES DE TRADUCTION - DEPUIS 1999<br\/>Fran\u00e7ais - English \/ English - Fran\u00e7ais<\/h2>\n<a href=\"mailto:unicomtranslationservices@gmail.com\" target=\"_blank\" rel=\"noopener\"> Demander un devis <\/a>\n<img fetchpriority=\"high\" fetchpriority=\"high\" decoding=\"async\" src=\"https:\/\/unicomtranslationservices.com\/wp-content\/uploads\/2023\/01\/Michele-pic-for-FR-website-1024x1024-500x500.png\" width=\"500\" height=\"500\" alt=\"Michele pic for FR website\" srcset=\"https:\/\/i0.wp.com\/unicomtranslationservices.com\/wp-content\/uploads\/2023\/01\/Michele-pic-for-FR-website.png?resize=500%2C500&amp;ssl=1 500w, https:\/\/i0.wp.com\/unicomtranslationservices.com\/wp-content\/uploads\/2023\/01\/Michele-pic-for-FR-website.png?resize=300%2C300&amp;ssl=1 300w, https:\/\/i0.wp.com\/unicomtranslationservices.com\/wp-content\/uploads\/2023\/01\/Michele-pic-for-FR-website.png?resize=1024%2C1024&amp;ssl=1 1024w, https:\/\/i0.wp.com\/unicomtranslationservices.com\/wp-content\/uploads\/2023\/01\/Michele-pic-for-FR-website.png?resize=150%2C150&amp;ssl=1 150w, https:\/\/i0.wp.com\/unicomtranslationservices.com\/wp-content\/uploads\/2023\/01\/Michele-pic-for-FR-website.png?resize=768%2C768&amp;ssl=1 768w, https:\/\/i0.wp.com\/unicomtranslationservices.com\/wp-content\/uploads\/2023\/01\/Michele-pic-for-FR-website.png?w=1080&amp;ssl=1 1080w\" sizes=\"(max-width: 500px) 100vw, 500px\" \/>\n<h2>Mich\u00e8le Louette-Leduc, Pr\u00e9sidente<br\/><\/h2>\n<h5 style=\"text-align: center;\"><em>Nous sommes pr\u00eats \u00e0 vous assister dans vos projets.<\/em><\/h5> <h5 style=\"text-align: center;\"><em>Communiquez avec nous!<\/em><\/h5>\n<a href=\"mailto:unicomtranslationservices@gmail.com\" target=\"_blank\" rel=\"noopener\"> Nous joindre <\/a>\n<h2>Services de Traduction<br\/><\/h2>\nManuels d\u2019utilisateur\nBrochures\nInfolettres\nManuels de l\u2019employ\u00e9\nDossiers m\u00e9dicaux\nCatalogues\nManuels d\u2019installation\n\u00c9tats financiers\nDocuments techniques\nLivres de recettes\n<h2>Pourquoi choisir les services de traduction d'UNICOM?<br\/><\/h2>\nNous traitons une vaste gamme de documents techniques. \nNos professionnels certifi\u00e9s poss\u00e8dent une vaste exp\u00e9rience dans les domaines suivants: m\u00e9dical, technique, alimentaire, financier, marketing et autres.\n<h3>Service Rapide<br\/><\/h3>\nRapide et efficace, UNICOM est un service de traduction r\u00e9put\u00e9.\nNous assurons des d\u00e9lais d\u2019ex\u00e9cution rapide afin de vous permettre de respecter vos \u00e9ch\u00e9anciers.\n<h3>Opportunit\u00e9s<br\/><\/h3>\nNous sommes toujours \u00e0 la recherche de traducteurs talentueux. \nNous faire parvenir votre CV.\n<a href=\"mailto:unicomtranslationservices.com\" target=\"_blank\" rel=\"noopener\"> Vous avez une question? <\/a>\n<a href=\"mailto:unicomtranslationservices.com\" > Demander un devis <\/a>\n<a href=\"mailto:unicomtranslationservices.com\" target=\"_blank\" rel=\"noopener\"> Envoyer votre CV <\/a>","_links":{"self":[{"href":"https:\/\/unicomtranslationservices.com\/home\/wp-json\/wp\/v2\/pages\/770","targetHints":{"allow":["GET"]}}],"collection":[{"href":"https:\/\/unicomtranslationservices.com\/home\/wp-json\/wp\/v2\/pages"}],"about":[{"href":"https:\/\/unicomtranslationservices.com\/home\/wp-json\/wp\/v2\/types\/page"}],"author":[{"embeddable":true,"href":"https:\/\/unicomtranslationservices.com\/home\/wp-json\/wp\/v2\/users\/1"}],"replies":[{"embeddable":true,"href":"https:\/\/unicomtranslationservices.com\/home\/wp-json\/wp\/v2\/comments?post=770"}],"version-history":[{"count":5,"href":"https:\/\/unicomtranslationservices.com\/home\/wp-json\/wp\/v2\/pages\/770\/revisions"}],"predecessor-version":[{"id":1012,"href":"https:\/\/unicomtranslationservices.com\/home\/wp-json\/wp\/v2\/pages\/770\/revisions\/1012"}],"wp:attachment":[{"href":"https:\/\/unicomtranslationservices.com\/home\/wp-json\/wp\/v2\/media?parent=770"}],"curies":[{"name":"wp","href":"https:\/\/api.w.org\/{rel}","templated":true}]}}